{"id":2559,"date":"2017-03-16T17:36:12","date_gmt":"2017-03-16T17:36:12","guid":{"rendered":"https:\/\/www.conscremona.it\/en\/regolamento\/"},"modified":"2017-03-17T21:42:28","modified_gmt":"2017-03-17T21:42:28","slug":"regolamento","status":"publish","type":"page","link":"https:\/\/www.conscremona.it\/en\/regolamento\/","title":{"rendered":"LIBRARY RULES"},"content":{"rendered":"<h6>(Approvato con delibera del Consiglio Accademico n. 5\/2017 &#8211; prot. 324 del 13.3.2017)<\/h6>\n<p>La Biblioteca dell\u2019Istituto Superiore di Studi Musicali \u201cClaudio Monteverdi\u201d di Cremona \u00e8 una Biblioteca di Istituto specializzata nel settore musicale e musicologico, al servizio delle attivit\u00e0 didattiche e di ricerca proprie dell&#8217;Istituzione. Viste le sue caratteristiche, attua anche il servizio al pubblico esterno, nel rispetto delle priorit\u00e0 previste dalle suddette finalit\u00e0 istituzionali e da quanto previsto negli articoli seguenti del regolamento.<\/p>\n<p>Art. 1 <strong>Organizzazione interna<\/strong><\/p>\n<p>La gestione della Biblioteca \u00e8 affidata al bibliotecario dell\u2019Istituto ed agli eventuali collaboratori, designati dall\u2019Istituzione; egli risponde dell&#8217;andamento della Biblioteca al Direttore, con il quale concorda gli orari d&#8217;apertura, formula le linee direttive gestionali generali, proponendole per l&#8217;approvazione al Direttore, cura l&#8217;efficienza e funzionalit\u00e0 del servizio, stabilisce le priorit\u00e0 d&#8217;intervento. Il bibliotecario inoltre collabora coi docenti e con gli studenti, esplicando, dove necessario, la sua funzione anche attraverso la consulenza specialistica, al servizio della didattica, nell&#8217;ambito delle ricerche nell&#8217;area musicale ed eventualmente musicologica previste dall&#8217;ordinamento didattico; riferisce con regolarit\u00e0 al Direttore dell\u2019Istituzione anche sui dati statistici di fruizione da parte dell&#8217;utenza; \u00e8 responsabile della corretta tenuta dei cataloghi sia cartacei che elettronici e ne cura la qualit\u00e0 e funzionalit\u00e0, provvedendo ad un regolare aggiornamento; ha cura di formulare, in base allo stanziamento stabilito dal bilancio, le proposte di acquisto, sentiti i desiderata dei docenti e degli allievi, e le propone al Direttore: questi le trasmetter\u00e0 per l&#8217;approvazione al Consiglio accademico e al Consiglio di amministrazione.<\/p>\n<p>Art. 2 <strong>Accesso<\/strong><\/p>\n<p>1 &#8211; Sono ammessi a frequentare la Biblioteca docenti e studenti dell\u2019Istituto Superiore di Studi Musicali \u201cClaudio Monteverdi\u201d di Cremona e tutti gli utenti dei corsi musicali ad esso interni, oltre che tutti gli studenti e studiosi che ne facciano richiesta per motivi di studio e di ricerca.<br \/>\n2 &#8211; I fruitori degli spazi della biblioteca devono evitare di turbare la quiete della sala. Non \u00e8 consentito entrare o trattenersi in biblioteca per ragioni estranee alla consultazione e allo studio.<br \/>\n3 \u2013 L\u2019accesso alla biblioteca \u00e8 consentito esclusivamente durante gli orari di apertura della stessa, in presenza del bibliotecario o di altro personale addetto.<\/p>\n<p>Art. 3 <strong>Lettura, consultazione e studio materiale librario<\/strong><\/p>\n<p>1 &#8211; Tutto il materiale collocato a scaffale aperto e i cataloghi sono disponibili per la libera consultazione. Il restante materiale deve essere richiesto direttamente agli addetti al servizio di distribuzione previa consultazione degli schedari o del catalogo online. E\u2019 fatto divieto a chiunque di accedere direttamente a faldoni e contenitori o comunque prelevare direttamente dagli scaffali aperti e chiusi materiale bibliografico e discografico senza l\u2019autorizzazione del responsabile della biblioteca.<br \/>\nIl materiale collocato nel magazzino e negli armadi chiusi a chiave \u00e8 distribuito direttamente dal bibliotecario.<\/p>\n<p>Art. 4 <strong>Prestito<\/strong><\/p>\n<p>1 &#8211; Sono ammessi al prestito docenti e studenti dell\u2019Istituto che ne fanno richiesta compilando la domanda d&#8217;iscrizione e di accettazione del presente regolamento. Per gli allievi minorenni tale domanda dovr\u00e0 essere compilata da un genitore o da chi ne fa le veci. Per gli utenti esterni l\u2019iscrizione al prestito \u00e8 autorizzata dal Direttore dell\u2019Istituzione. Gli ammessi al prestito hanno l&#8217;obbligo di comunicare alla Biblioteca ogni cambiamento di indirizzo e recapito telefonico, pena la sospensione del prestito.<br \/>\n2 &#8211; La richiesta di accesso al prestito da parte dell&#8217;utente dovr\u00e0 essere presentata compilando gli appositi moduli da consegnare al bibliotecario.<br \/>\n3 &#8211; Il prestito ha la durata di <strong>quindici giorni<\/strong> ed \u00e8 eventualmente rinnovabile. Il numero delle opere date in prestito contemporaneamente non pu\u00f2 essere superiore a <strong>tre<\/strong>. Per esigenze didattiche la Biblioteca ha facolt\u00e0 di abbreviare il termine normale di restituzione e richiedere in qualunque momento la consegna dell&#8217;opera prestata. Prima della chiusura estiva (di norma per i mesi di luglio ed agosto), tutte le opere concesse in prestito devono essere restituite alla Biblioteca per il controllo annuale del materiale librario.<br \/>\n4 &#8211; Sono di norma esclusi dal prestito i seguenti materiali: i libri appartenenti a fondi speciali e donazioni, i libri non ancora registrati n\u00e9 timbrati, le opere di consultazione, i periodici, le collezioni, le opere di particolare importanza o valore.<br \/>\n5 &#8211; Il prestito \u00e8 strettamente personale: \u00e8 pertanto vietato prestare ad altri le opere ricevute dalla Biblioteca o incaricare altri del ritiro dei libri.<br \/>\n6 &#8211; In caso di ritardo nella restituzione, l\u2019utente potr\u00e0 subire un periodo di sospensione dal servizio di prestito. I responsabili della mancata restituzione, dopo reiterati avvisi e solleciti, saranno perseguiti a termini di legge per il recupero dei valori sottratti.<br \/>\n7 &#8211; Il richiedente \u00e8 tenuto a trattare con la massima cura le opere che riceve in prestito ed \u00e8 civilmente responsabile di ogni manomissione, deterioramento o mancata restituzione. In questo ultimo caso l\u2019utente \u00e8 tenuto a dare immediata comunicazione alla Biblioteca e a sostituire l&#8217;opera non resa con altro identico esemplare, o con altra opera concordata preventivamente con il responsabile della Biblioteca.<br \/>\n8 &#8211; La Direzione riterr\u00e0 responsabile dei danni arrecati ai libri e ai compact disc l&#8217;ultima persona che ha avuto in prestito l&#8217;opera. Sar\u00e0 cura dell&#8217;utente controllare preventivamente l&#8217;opera richiesta in prestito e segnalare immediatamente al personale eventuali danni riscontrati.<br \/>\n9 \u2013 Prestito interbibliotecario \u00c8 possibile richiedere il prestito di volumi posseduti da altre biblioteche. La biblioteca che richiede il prestito interbibliotecario \u00e8 garante della conservazione e della restituzione del materiale: pertanto sar\u00e0 possibile solo la consultazione nei locali della biblioteca. Le spese di spedizione sono a carico dell&#8217;utente che ne fa richiesta, salvo accordi di reciproca gratuit\u00e0 stipulati con le biblioteche oggetto della richiesta.<\/p>\n<p>Art. 5 <strong>Riproduzioni<\/strong><\/p>\n<p>1 &#8211; La riproduzione del materiale posseduto dalla biblioteca \u00e8 possibile nel rispetto delle vigenti norme sul diritto d&#8217;autore e di salvaguardia del materiale. L&#8217;utente pu\u00f2 quindi provvedere autonomamente alla fotocopiatura, impegnandosi a rispettare le normative vigenti. A tale proposito si precisa che la Biblioteca non \u00e8 in alcun modo responsabile di eventuali violazioni di legge compiute dall&#8217;utente.<\/p>\n<p>Art. 6 <strong>Proposte di acquisto<\/strong><\/p>\n<p>1 &#8211; Gli utenti della Biblioteca (docenti e studenti) possono presentare proposte per l&#8217;acquisto di materiale musicale e\/o librario. Le proposte verranno vagliate nel quadro del piano generale degli acquisti programmato dall\u2019Istituzione.<\/p>\n<p>Art. 7 <strong>Servizio Internet<\/strong><\/p>\n<ol>\n<li>La biblioteca consente l&#8217;uso gratuito di Internet, da intendersi prioritariamente come fonte di informazione per finalit\u00e0 di ricerca, studio e documentazione inerenti l\u2019area artistico-musicale nell&#8217;accezione pi\u00f9 ampia del termine.<\/li>\n<li>La responsabilit\u00e0 delle informazioni presenti in Internet \u00e8 di ogni singolo produttore, n\u00e9 la biblioteca ha il controllo delle risorse disponibili in rete: spetta all&#8217;utente vagliare criticamente la qualit\u00e0 delle informazioni reperite. Internet non pu\u00f2 essere utilizzato per scopi vietati dalla legislazione vigente. L&#8217;utente \u00e8 direttamente responsabile, civilmente e penalmente, a norma delle vigenti leggi, per l&#8217;uso fatto del servizio Internet. La Biblioteca si riserva di denunciare l&#8217;utente alle autorit\u00e0 competenti per le attivit\u00e0 illecite o illegali dallo stesso eventualmente compiute.<\/li>\n<li>L&#8217;accesso al servizio Internet \u00e8 consentito esclusivamente agli utenti che vi risultino iscritti, per aver compilato l&#8217;apposito modulo di iscrizione dopo aver preso visione del Regolamento.<\/li>\n<\/ol>\n<p>Scarica qui\u00a0il modulo d&#8217;iscrizione al servizio bibliotecario: <span style=\"font-family: Courier New;\"><a href=\"https:\/\/www.conscremona.it\/en\/?ddownload=2465\" title=\"Download\" rel=\"nofollow\" class=\"ddownload-button button-blue id-2465 ext-pdf\">Download<\/a><\/span><\/p>\n<p>&nbsp;<\/p>\n<p>&nbsp;<\/p>\n<p>&nbsp;<\/p>\n","protected":false},"excerpt":{"rendered":"<p>(Approvato con delibera del Consiglio Accademico n. 5\/2017 &#8211; prot. 324 del 13.3.2017) La Biblioteca dell\u2019Istituto Superiore di Studi Musicali \u201cClaudio Monteverdi\u201d di Cremona \u00e8 una Biblioteca di Istituto specializzata [&hellip;]<\/p>\n","protected":false},"author":8,"featured_media":0,"parent":0,"menu_order":0,"comment_status":"closed","ping_status":"closed","template":"","meta":{"_acf_changed":false,"footnotes":""},"class_list":["post-2559","page","type-page","status-publish","hentry"],"acf":[],"yoast_head":"<!-- This site is optimized with the Yoast SEO plugin v27.2 - https:\/\/yoast.com\/product\/yoast-seo-wordpress\/ -->\n<title>LIBRARY RULES - Conservatorio di Cremona<\/title>\n<meta name=\"robots\" content=\"index, follow, max-snippet:-1, max-image-preview:large, max-video-preview:-1\" \/>\n<link rel=\"canonical\" href=\"https:\/\/www.conscremona.it\/en\/regolamento\/\" \/>\n<meta property=\"og:locale\" content=\"en_US\" \/>\n<meta property=\"og:type\" content=\"article\" \/>\n<meta property=\"og:title\" content=\"LIBRARY RULES - Conservatorio di Cremona\" \/>\n<meta property=\"og:description\" content=\"(Approvato con delibera del Consiglio Accademico n. 5\/2017 &#8211; prot. 324 del 13.3.2017) La Biblioteca dell\u2019Istituto Superiore di Studi Musicali \u201cClaudio Monteverdi\u201d di Cremona \u00e8 una Biblioteca di Istituto specializzata [&hellip;]\" \/>\n<meta property=\"og:url\" content=\"https:\/\/www.conscremona.it\/en\/regolamento\/\" \/>\n<meta property=\"og:site_name\" content=\"Conservatorio di Cremona\" \/>\n<meta property=\"article:modified_time\" content=\"2017-03-17T21:42:28+00:00\" \/>\n<meta name=\"twitter:card\" content=\"summary_large_image\" \/>\n<meta name=\"twitter:label1\" content=\"Est. reading time\" \/>\n\t<meta name=\"twitter:data1\" content=\"6 minutes\" \/>\n<script type=\"application\/ld+json\" class=\"yoast-schema-graph\">{\"@context\":\"https:\/\/schema.org\",\"@graph\":[{\"@type\":\"WebPage\",\"@id\":\"https:\/\/www.conscremona.it\/en\/regolamento\/\",\"url\":\"https:\/\/www.conscremona.it\/en\/regolamento\/\",\"name\":\"LIBRARY RULES - Conservatorio di Cremona\",\"isPartOf\":{\"@id\":\"https:\/\/www.conscremona.it\/#website\"},\"datePublished\":\"2017-03-16T17:36:12+00:00\",\"dateModified\":\"2017-03-17T21:42:28+00:00\",\"breadcrumb\":{\"@id\":\"https:\/\/www.conscremona.it\/en\/regolamento\/#breadcrumb\"},\"inLanguage\":\"en-US\",\"potentialAction\":[{\"@type\":\"ReadAction\",\"target\":[\"https:\/\/www.conscremona.it\/en\/regolamento\/\"]}]},{\"@type\":\"BreadcrumbList\",\"@id\":\"https:\/\/www.conscremona.it\/en\/regolamento\/#breadcrumb\",\"itemListElement\":[{\"@type\":\"ListItem\",\"position\":1,\"name\":\"Home\",\"item\":\"https:\/\/www.conscremona.it\/en\/\"},{\"@type\":\"ListItem\",\"position\":2,\"name\":\"LIBRARY RULES\"}]},{\"@type\":\"WebSite\",\"@id\":\"https:\/\/www.conscremona.it\/#website\",\"url\":\"https:\/\/www.conscremona.it\/\",\"name\":\"Conservatorio Claudio Monteverdi di Cremona\",\"description\":\"Istituto Superiore di Studi Musicali &quot;Claudio Monteverdi&quot; di Cremona\",\"publisher\":{\"@id\":\"https:\/\/www.conscremona.it\/#organization\"},\"potentialAction\":[{\"@type\":\"SearchAction\",\"target\":{\"@type\":\"EntryPoint\",\"urlTemplate\":\"https:\/\/www.conscremona.it\/?s={search_term_string}\"},\"query-input\":{\"@type\":\"PropertyValueSpecification\",\"valueRequired\":true,\"valueName\":\"search_term_string\"}}],\"inLanguage\":\"en-US\"},{\"@type\":\"Organization\",\"@id\":\"https:\/\/www.conscremona.it\/#organization\",\"name\":\"Conservatorio Claudio Monteverdi di Cremona\",\"url\":\"https:\/\/www.conscremona.it\/\",\"logo\":{\"@type\":\"ImageObject\",\"inLanguage\":\"en-US\",\"@id\":\"https:\/\/www.conscremona.it\/#\/schema\/logo\/image\/\",\"url\":\"https:\/\/www.conscremona.it\/site\/wp-content\/uploads\/2023\/10\/Logo-ok-color-1.png\",\"contentUrl\":\"https:\/\/www.conscremona.it\/site\/wp-content\/uploads\/2023\/10\/Logo-ok-color-1.png\",\"width\":1920,\"height\":523,\"caption\":\"Conservatorio Claudio Monteverdi di Cremona\"},\"image\":{\"@id\":\"https:\/\/www.conscremona.it\/#\/schema\/logo\/image\/\"}}]}<\/script>\n<!-- \/ Yoast SEO plugin. -->","yoast_head_json":{"title":"LIBRARY RULES - Conservatorio di Cremona","robots":{"index":"index","follow":"follow","max-snippet":"max-snippet:-1","max-image-preview":"max-image-preview:large","max-video-preview":"max-video-preview:-1"},"canonical":"https:\/\/www.conscremona.it\/en\/regolamento\/","og_locale":"en_US","og_type":"article","og_title":"LIBRARY RULES - Conservatorio di Cremona","og_description":"(Approvato con delibera del Consiglio Accademico n. 5\/2017 &#8211; prot. 324 del 13.3.2017) La Biblioteca dell\u2019Istituto Superiore di Studi Musicali \u201cClaudio Monteverdi\u201d di Cremona \u00e8 una Biblioteca di Istituto specializzata [&hellip;]","og_url":"https:\/\/www.conscremona.it\/en\/regolamento\/","og_site_name":"Conservatorio di Cremona","article_modified_time":"2017-03-17T21:42:28+00:00","twitter_card":"summary_large_image","twitter_misc":{"Est. reading time":"6 minutes"},"schema":{"@context":"https:\/\/schema.org","@graph":[{"@type":"WebPage","@id":"https:\/\/www.conscremona.it\/en\/regolamento\/","url":"https:\/\/www.conscremona.it\/en\/regolamento\/","name":"LIBRARY RULES - Conservatorio di Cremona","isPartOf":{"@id":"https:\/\/www.conscremona.it\/#website"},"datePublished":"2017-03-16T17:36:12+00:00","dateModified":"2017-03-17T21:42:28+00:00","breadcrumb":{"@id":"https:\/\/www.conscremona.it\/en\/regolamento\/#breadcrumb"},"inLanguage":"en-US","potentialAction":[{"@type":"ReadAction","target":["https:\/\/www.conscremona.it\/en\/regolamento\/"]}]},{"@type":"BreadcrumbList","@id":"https:\/\/www.conscremona.it\/en\/regolamento\/#breadcrumb","itemListElement":[{"@type":"ListItem","position":1,"name":"Home","item":"https:\/\/www.conscremona.it\/en\/"},{"@type":"ListItem","position":2,"name":"LIBRARY RULES"}]},{"@type":"WebSite","@id":"https:\/\/www.conscremona.it\/#website","url":"https:\/\/www.conscremona.it\/","name":"Conservatorio Claudio Monteverdi di Cremona","description":"Istituto Superiore di Studi Musicali &quot;Claudio Monteverdi&quot; di Cremona","publisher":{"@id":"https:\/\/www.conscremona.it\/#organization"},"potentialAction":[{"@type":"SearchAction","target":{"@type":"EntryPoint","urlTemplate":"https:\/\/www.conscremona.it\/?s={search_term_string}"},"query-input":{"@type":"PropertyValueSpecification","valueRequired":true,"valueName":"search_term_string"}}],"inLanguage":"en-US"},{"@type":"Organization","@id":"https:\/\/www.conscremona.it\/#organization","name":"Conservatorio Claudio Monteverdi di Cremona","url":"https:\/\/www.conscremona.it\/","logo":{"@type":"ImageObject","inLanguage":"en-US","@id":"https:\/\/www.conscremona.it\/#\/schema\/logo\/image\/","url":"https:\/\/www.conscremona.it\/site\/wp-content\/uploads\/2023\/10\/Logo-ok-color-1.png","contentUrl":"https:\/\/www.conscremona.it\/site\/wp-content\/uploads\/2023\/10\/Logo-ok-color-1.png","width":1920,"height":523,"caption":"Conservatorio Claudio Monteverdi di Cremona"},"image":{"@id":"https:\/\/www.conscremona.it\/#\/schema\/logo\/image\/"}}]}},"_links":{"self":[{"href":"https:\/\/www.conscremona.it\/en\/wp-json\/wp\/v2\/pages\/2559","targetHints":{"allow":["GET"]}}],"collection":[{"href":"https:\/\/www.conscremona.it\/en\/wp-json\/wp\/v2\/pages"}],"about":[{"href":"https:\/\/www.conscremona.it\/en\/wp-json\/wp\/v2\/types\/page"}],"author":[{"embeddable":true,"href":"https:\/\/www.conscremona.it\/en\/wp-json\/wp\/v2\/users\/8"}],"replies":[{"embeddable":true,"href":"https:\/\/www.conscremona.it\/en\/wp-json\/wp\/v2\/comments?post=2559"}],"version-history":[{"count":1,"href":"https:\/\/www.conscremona.it\/en\/wp-json\/wp\/v2\/pages\/2559\/revisions"}],"predecessor-version":[{"id":2560,"href":"https:\/\/www.conscremona.it\/en\/wp-json\/wp\/v2\/pages\/2559\/revisions\/2560"}],"wp:attachment":[{"href":"https:\/\/www.conscremona.it\/en\/wp-json\/wp\/v2\/media?parent=2559"}],"curies":[{"name":"wp","href":"https:\/\/api.w.org\/{rel}","templated":true}]}}