{"id":4324,"date":"2018-04-24T13:47:05","date_gmt":"2018-04-24T13:47:05","guid":{"rendered":"https:\/\/www.conscremona.it\/istituti-partner\/"},"modified":"2023-09-23T21:17:27","modified_gmt":"2023-09-23T21:17:27","slug":"istituti-partner","status":"publish","type":"page","link":"https:\/\/www.conscremona.it\/en\/istituti-partner\/","title":{"rendered":"Partner Institutions"},"content":{"rendered":"<p><strong>Austria<\/strong><\/p>\n<p><a href=\"http:\/\/www.muk.ac.at\/en\/home.html\">Music and Arts University of the City of Vienna<\/a><\/p>\n<p><strong>Belgium<\/strong><\/p>\n<p><a href=\"https:\/\/www.ap.be\/en\/royal-conservatoire-antwerp\">Artesis Plantijn Hogeschool Antwerpen, Royal Conservatoire &#8211; Antwerp<\/a><\/p>\n<p><strong>Estonia<\/strong><\/p>\n<p><a href=\"http:\/\/www.ema.edu.ee\/en\">Estonian Academy of Music and Theatre &#8211; Tallinn, Estonia<\/a><\/p>\n<p><strong>France<\/strong><\/p>\n<p><a href=\"https:\/\/www.esmd.fr\/?lang=fr\">ESMD &#8211; \u00c9cole Sup\u00e9rieure de Musique et Danse Haut de France<\/a><\/p>\n<p><a href=\"https:\/\/www.esmbourgognefranchecomte.fr\/\">ESM &#8211; \u00c9cole Sup\u00e9rieure de Musique Bourgogne-Franche-Comt\u00e9\u00a0\u00a0<\/a><\/p>\n<p><strong>Finland<\/strong><\/p>\n<p><a href=\"https:\/\/www.oamk.fi\/en\">Oulu University of Applied Sciences di Oulu<\/a><\/p>\n<p><strong>Germany<\/strong><\/p>\n<p><a href=\"https:\/\/www.musik.uni-mainz.de\">Hochschule f\u00fcr Musik Mainz<\/a><\/p>\n<p><strong>Greece<\/strong><\/p>\n<p><a href=\"https:\/\/music.ionio.gr\/\">Ionian University of Corfu<\/a><\/p>\n<p><strong>Iceland<\/strong><\/p>\n<p><a href=\"http:\/\/www.lhi.is\/en\/international\">Iceland University of the Arts &#8211;\u00a0Reykjav\u00edk, Iceland<\/a><\/p>\n<p><strong>Ireland<\/strong><\/p>\n<p><a href=\"http:\/\/www.riam.ie\">Royal Irish Academy of Music<\/a><\/p>\n<p><strong>Lituania<\/strong><\/p>\n<p><a href=\"https:\/\/www.vdu.lt\/en\/\">Vytautas Magnus University, Music Academy di Kaunas<\/a><\/p>\n<p><strong>Netherlands<\/strong><\/p>\n<p><a href=\"https:\/\/www.koncon.nl\/en\/about-kc\/royal-conservatoire\">University of the Arts, The Hague, Royal Conservatoire<\/a><\/p>\n<p><strong>Poland<\/strong><\/p>\n<p><a href=\"https:\/\/www.amuz.krakow.pl\/en\/erasmus\/aktualnosci\/\">Akademia Muzyczna &#8211; Krakow, Poland<\/a><\/p>\n<p><strong>Romania<\/strong><\/p>\n<p><a href=\"https:\/\/www.uvt.ro\/ro\/\">Universit\u00e0 di Timisoara (Universitatea de Vest din Timisoara)<\/a><\/p>\n<p><strong>Spain<\/strong><\/p>\n<p><a href=\"https:\/\/www.csmvigo.com\/\">Conservatorio Superior de M\u00fasica de Vigo<\/a><\/p>\n<p><a href=\"https:\/\/rcsmm.eu\">Real Conservatorio Superior de Musica de Madrid<\/a><\/p>\n<p><a href=\"https:\/\/csmvalencia.es\/\">Co<\/a><a href=\"https:\/\/csmvalencia.es\/\">nservatori Superior de M\u00fasica &#8220;Joaqu\u00edn Rodrigo&#8221; &#8211; Valencia, Spain<\/a><\/p>\n<p><a href=\"http:\/\/www.consmucan.es\/\">Conservatorio Superior de Musica de Canarias<\/a><\/p>\n<p><a href=\"https:\/\/musikene.eus\/\">Musikene Centro Superior de M\u00fasica del Pa\u00eds Vasco,\u00a0Donostia &#8211; San Sebasti\u00e0n<\/a><\/p>\n<p class=\"LC20lb MBeuO DKV0Md\"><a href=\"https:\/\/consev.es\/\">Conservatorio Superior de M\u00fasica \u00abManuel Castillo\u00bb de Sevilla<\/a><\/p>\n<p><strong>Sweden<\/strong><\/p>\n<p><a href=\"https:\/\/www.kmh.se\/in-english.html\">Royal College of Music &#8211; Stockholm\u00a0<\/a><\/p>\n<p><strong>Ukraine<\/strong><\/p>\n<p><a href=\"https:\/\/knmau.com.ua\/en\/\">Ukrainian National Tchaikowsky Academy of Music &#8211; Kyiv<\/a><\/p>\n<p><strong>United Kingdom<\/strong><\/p>\n<p><a href=\"http:\/\/www.lpmam.com\">London Performing Academy of Music (LPMAM) di Londra, UK<\/a><\/p>\n<p>&nbsp;<\/p>\n<p>Members of:<\/p>\n<p><a href=\"https:\/\/aec-music.eu\/\">AEC Association Europ\u00e9enne des Conservatoires et Hochschule<\/a><\/p>\n<p><a href=\"https:\/\/mednet4music.weebly.com\/\">Mediterranean Network for Music<\/a><\/p>\n","protected":false},"excerpt":{"rendered":"<p>Austria Music and Arts University of the City of Vienna Belgium Artesis Plantijn Hogeschool Antwerpen, Royal Conservatoire &#8211; Antwerp Estonia Estonian Academy of Music and Theatre &#8211; Tallinn, Estonia France [&hellip;]<\/p>\n","protected":false},"author":4,"featured_media":0,"parent":0,"menu_order":0,"comment_status":"closed","ping_status":"closed","template":"","meta":{"_acf_changed":false,"footnotes":""},"class_list":["post-4324","page","type-page","status-publish","hentry"],"acf":[],"yoast_head":"<!-- This site is optimized with the Yoast SEO plugin v27.2 - https:\/\/yoast.com\/product\/yoast-seo-wordpress\/ -->\n<title>Partner Institutions - Conservatorio di Cremona<\/title>\n<meta name=\"robots\" content=\"index, follow, max-snippet:-1, max-image-preview:large, max-video-preview:-1\" \/>\n<link rel=\"canonical\" href=\"https:\/\/www.conscremona.it\/en\/istituti-partner\/\" \/>\n<meta property=\"og:locale\" content=\"en_US\" \/>\n<meta property=\"og:type\" content=\"article\" \/>\n<meta property=\"og:title\" content=\"Partner Institutions - Conservatorio di Cremona\" \/>\n<meta property=\"og:description\" content=\"Austria Music and Arts University of the City of Vienna Belgium Artesis Plantijn Hogeschool Antwerpen, Royal Conservatoire &#8211; Antwerp Estonia Estonian Academy of Music and Theatre &#8211; Tallinn, Estonia France [&hellip;]\" \/>\n<meta property=\"og:url\" content=\"https:\/\/www.conscremona.it\/en\/istituti-partner\/\" \/>\n<meta property=\"og:site_name\" content=\"Conservatorio di Cremona\" \/>\n<meta property=\"article:modified_time\" content=\"2023-09-23T21:17:27+00:00\" \/>\n<meta name=\"twitter:card\" content=\"summary_large_image\" \/>\n<meta name=\"twitter:label1\" content=\"Est. reading time\" \/>\n\t<meta name=\"twitter:data1\" content=\"1 minute\" \/>\n<script type=\"application\/ld+json\" class=\"yoast-schema-graph\">{\"@context\":\"https:\/\/schema.org\",\"@graph\":[{\"@type\":\"WebPage\",\"@id\":\"https:\/\/www.conscremona.it\/en\/istituti-partner\/\",\"url\":\"https:\/\/www.conscremona.it\/en\/istituti-partner\/\",\"name\":\"Partner Institutions - Conservatorio di Cremona\",\"isPartOf\":{\"@id\":\"https:\/\/www.conscremona.it\/#website\"},\"datePublished\":\"2018-04-24T13:47:05+00:00\",\"dateModified\":\"2023-09-23T21:17:27+00:00\",\"breadcrumb\":{\"@id\":\"https:\/\/www.conscremona.it\/en\/istituti-partner\/#breadcrumb\"},\"inLanguage\":\"en-US\",\"potentialAction\":[{\"@type\":\"ReadAction\",\"target\":[\"https:\/\/www.conscremona.it\/en\/istituti-partner\/\"]}]},{\"@type\":\"BreadcrumbList\",\"@id\":\"https:\/\/www.conscremona.it\/en\/istituti-partner\/#breadcrumb\",\"itemListElement\":[{\"@type\":\"ListItem\",\"position\":1,\"name\":\"Home\",\"item\":\"https:\/\/www.conscremona.it\/en\/\"},{\"@type\":\"ListItem\",\"position\":2,\"name\":\"Partner Institutions\"}]},{\"@type\":\"WebSite\",\"@id\":\"https:\/\/www.conscremona.it\/#website\",\"url\":\"https:\/\/www.conscremona.it\/\",\"name\":\"Conservatorio Claudio Monteverdi di Cremona\",\"description\":\"Istituto Superiore di Studi Musicali &quot;Claudio Monteverdi&quot; di Cremona\",\"publisher\":{\"@id\":\"https:\/\/www.conscremona.it\/#organization\"},\"potentialAction\":[{\"@type\":\"SearchAction\",\"target\":{\"@type\":\"EntryPoint\",\"urlTemplate\":\"https:\/\/www.conscremona.it\/?s={search_term_string}\"},\"query-input\":{\"@type\":\"PropertyValueSpecification\",\"valueRequired\":true,\"valueName\":\"search_term_string\"}}],\"inLanguage\":\"en-US\"},{\"@type\":\"Organization\",\"@id\":\"https:\/\/www.conscremona.it\/#organization\",\"name\":\"Conservatorio Claudio Monteverdi di Cremona\",\"url\":\"https:\/\/www.conscremona.it\/\",\"logo\":{\"@type\":\"ImageObject\",\"inLanguage\":\"en-US\",\"@id\":\"https:\/\/www.conscremona.it\/#\/schema\/logo\/image\/\",\"url\":\"https:\/\/www.conscremona.it\/site\/wp-content\/uploads\/2023\/10\/Logo-ok-color-1.png\",\"contentUrl\":\"https:\/\/www.conscremona.it\/site\/wp-content\/uploads\/2023\/10\/Logo-ok-color-1.png\",\"width\":1920,\"height\":523,\"caption\":\"Conservatorio Claudio Monteverdi di Cremona\"},\"image\":{\"@id\":\"https:\/\/www.conscremona.it\/#\/schema\/logo\/image\/\"}}]}<\/script>\n<!-- \/ Yoast SEO plugin. -->","yoast_head_json":{"title":"Partner Institutions - Conservatorio di Cremona","robots":{"index":"index","follow":"follow","max-snippet":"max-snippet:-1","max-image-preview":"max-image-preview:large","max-video-preview":"max-video-preview:-1"},"canonical":"https:\/\/www.conscremona.it\/en\/istituti-partner\/","og_locale":"en_US","og_type":"article","og_title":"Partner Institutions - Conservatorio di Cremona","og_description":"Austria Music and Arts University of the City of Vienna Belgium Artesis Plantijn Hogeschool Antwerpen, Royal Conservatoire &#8211; Antwerp Estonia Estonian Academy of Music and Theatre &#8211; Tallinn, Estonia France [&hellip;]","og_url":"https:\/\/www.conscremona.it\/en\/istituti-partner\/","og_site_name":"Conservatorio di Cremona","article_modified_time":"2023-09-23T21:17:27+00:00","twitter_card":"summary_large_image","twitter_misc":{"Est. reading time":"1 minute"},"schema":{"@context":"https:\/\/schema.org","@graph":[{"@type":"WebPage","@id":"https:\/\/www.conscremona.it\/en\/istituti-partner\/","url":"https:\/\/www.conscremona.it\/en\/istituti-partner\/","name":"Partner Institutions - Conservatorio di Cremona","isPartOf":{"@id":"https:\/\/www.conscremona.it\/#website"},"datePublished":"2018-04-24T13:47:05+00:00","dateModified":"2023-09-23T21:17:27+00:00","breadcrumb":{"@id":"https:\/\/www.conscremona.it\/en\/istituti-partner\/#breadcrumb"},"inLanguage":"en-US","potentialAction":[{"@type":"ReadAction","target":["https:\/\/www.conscremona.it\/en\/istituti-partner\/"]}]},{"@type":"BreadcrumbList","@id":"https:\/\/www.conscremona.it\/en\/istituti-partner\/#breadcrumb","itemListElement":[{"@type":"ListItem","position":1,"name":"Home","item":"https:\/\/www.conscremona.it\/en\/"},{"@type":"ListItem","position":2,"name":"Partner Institutions"}]},{"@type":"WebSite","@id":"https:\/\/www.conscremona.it\/#website","url":"https:\/\/www.conscremona.it\/","name":"Conservatorio Claudio Monteverdi di Cremona","description":"Istituto Superiore di Studi Musicali &quot;Claudio Monteverdi&quot; di Cremona","publisher":{"@id":"https:\/\/www.conscremona.it\/#organization"},"potentialAction":[{"@type":"SearchAction","target":{"@type":"EntryPoint","urlTemplate":"https:\/\/www.conscremona.it\/?s={search_term_string}"},"query-input":{"@type":"PropertyValueSpecification","valueRequired":true,"valueName":"search_term_string"}}],"inLanguage":"en-US"},{"@type":"Organization","@id":"https:\/\/www.conscremona.it\/#organization","name":"Conservatorio Claudio Monteverdi di Cremona","url":"https:\/\/www.conscremona.it\/","logo":{"@type":"ImageObject","inLanguage":"en-US","@id":"https:\/\/www.conscremona.it\/#\/schema\/logo\/image\/","url":"https:\/\/www.conscremona.it\/site\/wp-content\/uploads\/2023\/10\/Logo-ok-color-1.png","contentUrl":"https:\/\/www.conscremona.it\/site\/wp-content\/uploads\/2023\/10\/Logo-ok-color-1.png","width":1920,"height":523,"caption":"Conservatorio Claudio Monteverdi di Cremona"},"image":{"@id":"https:\/\/www.conscremona.it\/#\/schema\/logo\/image\/"}}]}},"_links":{"self":[{"href":"https:\/\/www.conscremona.it\/en\/wp-json\/wp\/v2\/pages\/4324","targetHints":{"allow":["GET"]}}],"collection":[{"href":"https:\/\/www.conscremona.it\/en\/wp-json\/wp\/v2\/pages"}],"about":[{"href":"https:\/\/www.conscremona.it\/en\/wp-json\/wp\/v2\/types\/page"}],"author":[{"embeddable":true,"href":"https:\/\/www.conscremona.it\/en\/wp-json\/wp\/v2\/users\/4"}],"replies":[{"embeddable":true,"href":"https:\/\/www.conscremona.it\/en\/wp-json\/wp\/v2\/comments?post=4324"}],"version-history":[{"count":10,"href":"https:\/\/www.conscremona.it\/en\/wp-json\/wp\/v2\/pages\/4324\/revisions"}],"predecessor-version":[{"id":12523,"href":"https:\/\/www.conscremona.it\/en\/wp-json\/wp\/v2\/pages\/4324\/revisions\/12523"}],"wp:attachment":[{"href":"https:\/\/www.conscremona.it\/en\/wp-json\/wp\/v2\/media?parent=4324"}],"curies":[{"name":"wp","href":"https:\/\/api.w.org\/{rel}","templated":true}]}}